{"id":1457,"date":"2022-02-18T19:55:00","date_gmt":"2022-02-18T18:55:00","guid":{"rendered":"https:\/\/creativabarcelona.com\/consultas\/"},"modified":"2023-05-08T15:47:22","modified_gmt":"2023-05-08T13:47:22","slug":"consultes","status":"publish","type":"page","link":"https:\/\/creativabarcelona.com\/ca\/consultes\/","title":{"rendered":"Consultes"},"content":{"rendered":"\t\t<div data-elementor-type=\"wp-page\" data-elementor-id=\"1457\" class=\"elementor elementor-1457 elementor-59\" data-elementor-post-type=\"page\">\n\t\t\t\t\t\t<section class=\"elementor-section elementor-top-section elementor-element elementor-element-369e39 elementor-section-content-top elementor-section-boxed elementor-section-height-default elementor-section-height-default\" data-id=\"369e39\" data-element_type=\"section\" data-e-type=\"section\">\n\t\t\t\t\t\t<div class=\"elementor-container elementor-column-gap-custom\">\n\t\t\t\t\t<div class=\"elementor-column elementor-col-50 elementor-top-column elementor-element elementor-element-73b2006d\" data-id=\"73b2006d\" data-element_type=\"column\" data-e-type=\"column\">\n\t\t\t<div class=\"elementor-widget-wrap elementor-element-populated\">\n\t\t\t\t\t\t<div class=\"elementor-element elementor-element-2201b6fe elementor-widget elementor-widget-heading\" data-id=\"2201b6fe\" data-element_type=\"widget\" data-e-type=\"widget\" data-widget_type=\"heading.default\">\n\t\t\t\t<div class=\"elementor-widget-container\">\n\t\t\t\t\t<h1 class=\"elementor-heading-title elementor-size-default\">Tu ens preguntes,<\/h1>\t\t\t\t<\/div>\n\t\t\t\t<\/div>\n\t\t\t\t<div class=\"elementor-element elementor-element-524fce41 elementor-headline--style-highlight elementor-widget elementor-widget-animated-headline\" data-id=\"524fce41\" data-element_type=\"widget\" data-e-type=\"widget\" data-settings=\"{&quot;highlighted_text&quot;:&quot;et responen.&quot;,&quot;highlight_animation_duration&quot;:1199,&quot;headline_style&quot;:&quot;highlight&quot;,&quot;marker&quot;:&quot;circle&quot;}\" data-widget_type=\"animated-headline.default\">\n\t\t\t\t<div class=\"elementor-widget-container\">\n\t\t\t\t\t\t\t<h3 class=\"elementor-headline\">\n\t\t\t\t\t<span class=\"elementor-headline-plain-text elementor-headline-text-wrapper\">els nostres experts de tots els sectors<\/span>\n\t\t\t\t<span class=\"elementor-headline-dynamic-wrapper elementor-headline-text-wrapper\">\n\t\t\t\t\t<span class=\"elementor-headline-dynamic-text elementor-headline-text-active\">et responen.<\/span>\n\t\t\t\t<\/span>\n\t\t\t\t<\/h3>\n\t\t\t\t\t\t<\/div>\n\t\t\t\t<\/div>\n\t\t\t\t<div class=\"elementor-element elementor-element-61a793f7 elementor-widget elementor-widget-text-editor\" data-id=\"61a793f7\" data-element_type=\"widget\" data-e-type=\"widget\" data-widget_type=\"text-editor.default\">\n\t\t\t\t<div class=\"elementor-widget-container\">\n\t\t\t\t\t\t\t\t\t<p><strong>Tots els #creativers<\/strong> tenim el nostre moment de dubtes i de no saber com avan\u00e7ar; com fer el seg\u00fcent nus, com fer un arranjament, quins materials s\u00f3n els millors per a realitzar una manualitat&#8230;<\/p><p>Per aix\u00f2, a CREATIVA BARCELONA t\u2019oferim un espai on podr\u00e0s preguntar als nostres expositors i experts per sortir de dubtes <img decoding=\"async\" class=\"emoji\" role=\"img\" draggable=\"false\" src=\"https:\/\/s.w.org\/images\/core\/emoji\/13.1.0\/svg\/1f60a.svg\" alt=\"\ud83d\ude0a\" \/><\/p>\t\t\t\t\t\t\t\t<\/div>\n\t\t\t\t<\/div>\n\t\t\t\t\t<\/div>\n\t\t<\/div>\n\t\t\t\t<div class=\"elementor-column elementor-col-50 elementor-top-column elementor-element elementor-element-4376bd5d\" data-id=\"4376bd5d\" data-element_type=\"column\" data-e-type=\"column\" data-settings=\"{&quot;background_background&quot;:&quot;classic&quot;}\">\n\t\t\t<div class=\"elementor-widget-wrap elementor-element-populated\">\n\t\t\t\t\t\t<div class=\"elementor-element elementor-element-3a1d04ad elementor-button-align-stretch elementor-widget elementor-widget-form\" data-id=\"3a1d04ad\" data-element_type=\"widget\" data-e-type=\"widget\" data-settings=\"{&quot;step_next_label&quot;:&quot;Siguiente&quot;,&quot;step_previous_label&quot;:&quot;Anterior&quot;,&quot;step_type&quot;:&quot;number_text&quot;,&quot;step_icon_shape&quot;:&quot;circle&quot;}\" data-widget_type=\"form.default\">\n\t\t\t\t<div class=\"elementor-widget-container\">\n\t\t\t\t\t\t\t<form class=\"elementor-form\" method=\"post\" name=\"Formulario Consultas CAT\" aria-label=\"Formulario Consultas CAT\">\n\t\t\t<input type=\"hidden\" name=\"post_id\" value=\"1457\"\/>\n\t\t\t<input type=\"hidden\" name=\"form_id\" value=\"3a1d04ad\"\/>\n\t\t\t<input type=\"hidden\" name=\"referer_title\" value=\"Consultes - Creativa Barcelona\" \/>\n\n\t\t\t\t\t\t\t<input type=\"hidden\" name=\"queried_id\" value=\"1457\"\/>\n\t\t\t\n\t\t\t<div class=\"elementor-form-fields-wrapper elementor-labels-\">\n\t\t\t\t\t\t\t\t<div class=\"elementor-field-type-text elementor-field-group elementor-column elementor-field-group-name elementor-col-50 elementor-field-required\">\n\t\t\t\t\t\t\t\t\t\t\t\t<label for=\"form-field-name\" class=\"elementor-field-label elementor-screen-only\">\n\t\t\t\t\t\t\t\tNombre\t\t\t\t\t\t\t<\/label>\n\t\t\t\t\t\t\t\t\t\t\t\t\t\t<input size=\"1\" type=\"text\" name=\"form_fields[name]\" id=\"form-field-name\" class=\"elementor-field elementor-size-sm  elementor-field-textual\" placeholder=\"Nom *\" required=\"required\">\n\t\t\t\t\t\t\t\t\t\t\t<\/div>\n\t\t\t\t\t\t\t\t<div class=\"elementor-field-type-email elementor-field-group elementor-column elementor-field-group-email elementor-col-50 elementor-field-required\">\n\t\t\t\t\t\t\t\t\t\t\t\t<label for=\"form-field-email\" class=\"elementor-field-label elementor-screen-only\">\n\t\t\t\t\t\t\t\tCorreo electr\u00f3nico\t\t\t\t\t\t\t<\/label>\n\t\t\t\t\t\t\t\t\t\t\t\t\t\t<input size=\"1\" type=\"email\" name=\"form_fields[email]\" id=\"form-field-email\" class=\"elementor-field elementor-size-sm  elementor-field-textual\" placeholder=\"Correu Electr\u00f2nic *\" required=\"required\">\n\t\t\t\t\t\t\t\t\t\t\t<\/div>\n\t\t\t\t\t\t\t\t<div class=\"elementor-field-type-select elementor-field-group elementor-column elementor-field-group-sector elementor-col-100 elementor-field-required\">\n\t\t\t\t\t\t\t\t\t\t\t\t<label for=\"form-field-sector\" class=\"elementor-field-label elementor-screen-only\">\n\t\t\t\t\t\t\t\tSector\t\t\t\t\t\t\t<\/label>\n\t\t\t\t\t\t\t\t<div class=\"elementor-field elementor-select-wrapper remove-before \">\n\t\t\t<div class=\"select-caret-down-wrapper\">\n\t\t\t\t<svg aria-hidden=\"true\" class=\"e-font-icon-svg e-eicon-caret-down\" viewBox=\"0 0 571.4 571.4\" xmlns=\"http:\/\/www.w3.org\/2000\/svg\"><path d=\"M571 393Q571 407 561 418L311 668Q300 679 286 679T261 668L11 418Q0 407 0 393T11 368 36 357H536Q550 357 561 368T571 393Z\"><\/path><\/svg>\t\t\t<\/div>\n\t\t\t<select name=\"form_fields[sector]\" id=\"form-field-sector\" class=\"elementor-field-textual elementor-size-sm\" required=\"required\">\n\t\t\t\t\t\t\t\t\t<option value=\"\">Seleccionar <\/option>\n\t\t\t\t\t\t\t\t\t<option value=\" Abaloris\">Abaloris <\/option>\n\t\t\t\t\t\t\t\t\t<option value=\" Encoixinat\">Encoixinat <\/option>\n\t\t\t\t\t\t\t\t\t<option value=\" Aquarel\u00b7la\">Aquarel\u00b7la <\/option>\n\t\t\t\t\t\t\t\t\t<option value=\" Brodat\">Brodat <\/option>\n\t\t\t\t\t\t\t\t\t<option value=\" Decoupage\">Decoupage <\/option>\n\t\t\t\t\t\t\t\t\t<option value=\" Enquadernaci\u00f3\">Enquadernaci\u00f3 <\/option>\n\t\t\t\t\t\t\t\t\t<option value=\" Escultura\">Escultura <\/option>\n\t\t\t\t\t\t\t\t\t<option value=\" Estampaci\u00f3\">Estampaci\u00f3 <\/option>\n\t\t\t\t\t\t\t\t\t<option value=\" Ganxet\">Ganxet <\/option>\n\t\t\t\t\t\t\t\t\t<option value=\" Llanes, fils i cot\u00f3\">Llanes, fils i cot\u00f3 <\/option>\n\t\t\t\t\t\t\t\t\t<option value=\" Lettering\">Lettering <\/option>\n\t\t\t\t\t\t\t\t\t<option value=\" Macram\u00e9\">Macram\u00e9 <\/option>\n\t\t\t\t\t\t\t\t\t<option value=\" Papirofl\u00e8xia\">Papirofl\u00e8xia <\/option>\n\t\t\t\t\t\t\t\t\t<option value=\" Patchwork\">Patchwork <\/option>\n\t\t\t\t\t\t\t\t\t<option value=\" Punt de Creu\">Punt de Creu <\/option>\n\t\t\t\t\t\t\t\t\t<option value=\" Quilling\">Quilling <\/option>\n\t\t\t\t\t\t\t\t\t<option value=\" Rebosteria Creativa\">Rebosteria Creativa <\/option>\n\t\t\t\t\t\t\t\t\t<option value=\" Scrapbook\">Scrapbook <\/option>\n\t\t\t\t\t\t\t\t\t<option value=\" Altres\">Altres <\/option>\n\t\t\t\t\t\t\t<\/select>\n\t\t<\/div>\n\t\t\t\t\t\t<\/div>\n\t\t\t\t\t\t\t\t<div class=\"elementor-field-type-textarea elementor-field-group elementor-column elementor-field-group-consulta elementor-col-100 elementor-field-required\">\n\t\t\t\t\t\t\t\t\t\t\t\t<label for=\"form-field-consulta\" class=\"elementor-field-label elementor-screen-only\">\n\t\t\t\t\t\t\t\tConsulta\t\t\t\t\t\t\t<\/label>\n\t\t\t\t\t\t<textarea class=\"elementor-field-textual elementor-field  elementor-size-sm\" name=\"form_fields[consulta]\" id=\"form-field-consulta\" rows=\"6\" placeholder=\"Escriu aqu\u00ed la teva consulta\" required=\"required\"><\/textarea>\t\t\t\t<\/div>\n\t\t\t\t\t\t\t\t<div class=\"elementor-field-type-checkbox elementor-field-group elementor-column elementor-field-group-field_b7d1b78 elementor-col-100\">\n\t\t\t\t\t\t\t\t\t\t\t\t<label for=\"form-field-field_b7d1b78\" class=\"elementor-field-label elementor-screen-only\">\n\t\t\t\t\t\t\t\tNewsletter\t\t\t\t\t\t\t<\/label>\n\t\t\t\t\t\t<div class=\"elementor-field-subgroup  \"><span class=\"elementor-field-option\"><input type=\"checkbox\" value=\"Vull inscriure&#039;m a la newsletter\" id=\"form-field-field_b7d1b78-0\" name=\"form_fields[field_b7d1b78]\"> <label for=\"form-field-field_b7d1b78-0\">Vull inscriure'm a la newsletter<\/label><\/span><\/div>\t\t\t\t<\/div>\n\t\t\t\t\t\t\t\t<div class=\"elementor-field-type-acceptance elementor-field-group elementor-column elementor-field-group-field_a6e8c9e elementor-col-100 elementor-field-required\">\n\t\t\t\t\t\t\t\t\t\t\t\t<label for=\"form-field-field_a6e8c9e\" class=\"elementor-field-label elementor-screen-only\">\n\t\t\t\t\t\t\t\tPol\u00edtica\t\t\t\t\t\t\t<\/label>\n\t\t\t\t\t\t\t\t<div class=\"elementor-field-subgroup\">\n\t\t\t<span class=\"elementor-field-option\">\n\t\t\t\t<input type=\"checkbox\" name=\"form_fields[field_a6e8c9e]\" id=\"form-field-field_a6e8c9e\" class=\"elementor-field elementor-size-sm  elementor-acceptance-field\" required=\"required\">\n\t\t\t\t<label for=\"form-field-field_a6e8c9e\">He llegit i accepto la <a href=\"https:\/\/creativabarcelona.com\/ca\/politica-privacidad\/\" target=\"_blank\">Pol\u00edtica de Privacitat de Dades <\/a><\/label>\t\t\t<\/span>\n\t\t<\/div>\n\t\t\t\t\t\t<\/div>\n\t\t\t\t\t\t\t\t<div class=\"elementor-field-type-recaptcha_v3 elementor-field-group elementor-column elementor-field-group-field_2adf08d elementor-col-100 recaptcha_v3-inline\">\n\t\t\t\t\t<div class=\"elementor-field\" id=\"form-field-field_2adf08d\"><div class=\"elementor-g-recaptcha\" data-sitekey=\"6LdwDJkeAAAAAESgbkTZiNaNUafwLhV26KO1EgEv\" data-type=\"v3\" data-action=\"Form\" data-badge=\"inline\" data-size=\"invisible\"><\/div><\/div>\t\t\t\t<\/div>\n\t\t\t\t\t\t\t\t<div class=\"elementor-field-type-text\">\n\t\t\t\t\t<input size=\"1\" type=\"text\" name=\"form_fields[field_3cd2ad4]\" id=\"form-field-field_3cd2ad4\" class=\"elementor-field elementor-size-sm \" style=\"display:none !important;\">\t\t\t\t<\/div>\n\t\t\t\t\t\t\t\t<div class=\"elementor-field-group elementor-column elementor-field-type-submit elementor-col-100 e-form__buttons\">\n\t\t\t\t\t<button class=\"elementor-button elementor-size-sm\" type=\"submit\">\n\t\t\t\t\t\t<span class=\"elementor-button-content-wrapper\">\n\t\t\t\t\t\t\t\t\t\t\t\t\t\t\t\t\t\t\t\t\t\t<span class=\"elementor-button-text\">Enviar<\/span>\n\t\t\t\t\t\t\t\t\t\t\t\t\t<\/span>\n\t\t\t\t\t<\/button>\n\t\t\t\t<\/div>\n\t\t\t<\/div>\n\t\t<\/form>\n\t\t\t\t\t\t<\/div>\n\t\t\t\t<\/div>\n\t\t\t\t<div class=\"elementor-element elementor-element-b933d48 elementor-widget elementor-widget-global elementor-global-1451 elementor-widget-text-editor\" data-id=\"b933d48\" data-element_type=\"widget\" data-e-type=\"widget\" data-widget_type=\"text-editor.default\">\n\t\t\t\t<div class=\"elementor-widget-container\">\n\t\t\t\t\t\t\t\t\t<p>Aquest lloc est\u00e0 protegit per reCAPTCHA i s&#8217;apliquen la pol\u00edtica de privacitat i els termes de servei de Google.<br \/><strong>Responsable de les dadess:<\/strong> PROFEI, S.L., NIF: B66229006, Inscrita en el Registre Mercantil de Barcelona, al Tom: 22.184 Foli: 22 Full: B- 32669.<br \/><strong>Objectiu:<\/strong> Respondre a la vostra sol\u00b7licitud d&#8217;informaci\u00f3.<br \/><strong>Beneficiari:<\/strong>\u00a0PROFEI, S.L.<br \/><strong>Els teus drets:<\/strong> Pots editar, recuperar i suprimir la informaci\u00f3 quan vulguis a trav\u00e9s de les dades de contacte reflectides a la secci\u00f3 de Pol\u00edtica de Privacitat.<br \/><strong>Tractament:<\/strong> Les teves dades no s&#8217;emmagatzemaran m\u00e9s enll\u00e0 del temps que estiguin al nostre client de correu electr\u00f2nic.<\/p>\t\t\t\t\t\t\t\t<\/div>\n\t\t\t\t<\/div>\n\t\t\t\t\t<\/div>\n\t\t<\/div>\n\t\t\t\t\t<\/div>\n\t\t<\/section>\n\t\t\t\t<\/div>\n\t\t","protected":false},"excerpt":{"rendered":"<p>Tu ens preguntes, els nostres experts de tots els sectors et responen. Tots els #creativers tenim el nostre moment de dubtes i de no saber com avan\u00e7ar; com fer el seg\u00fcent nus, com fer un arranjament, quins materials s\u00f3n els millors per a realitzar una manualitat&#8230; Per aix\u00f2, a CREATIVA BARCELONA t\u2019oferim un espai on [&hellip;]<\/p>\n","protected":false},"author":1,"featured_media":0,"parent":0,"menu_order":0,"comment_status":"closed","ping_status":"closed","template":"","meta":{"footnotes":""},"class_list":["post-1457","page","type-page","status-publish","hentry"],"yoast_head":"<!-- This site is optimized with the Yoast SEO plugin v27.5 - https:\/\/yoast.com\/product\/yoast-seo-wordpress\/ -->\n<title>Consultes - Creativa Barcelona<\/title>\n<meta name=\"robots\" content=\"index, follow, max-snippet:-1, max-image-preview:large, max-video-preview:-1\" \/>\n<link rel=\"canonical\" href=\"https:\/\/creativabarcelona.com\/ca\/consultes\/\" \/>\n<meta property=\"og:locale\" content=\"ca_ES\" \/>\n<meta property=\"og:type\" content=\"article\" \/>\n<meta property=\"og:title\" content=\"Consultes - Creativa Barcelona\" \/>\n<meta property=\"og:description\" content=\"Tu ens preguntes, els nostres experts de tots els sectors et responen. Tots els #creativers tenim el nostre moment de dubtes i de no saber com avan\u00e7ar; com fer el seg\u00fcent nus, com fer un arranjament, quins materials s\u00f3n els millors per a realitzar una manualitat&#8230; Per aix\u00f2, a CREATIVA BARCELONA t\u2019oferim un espai on [&hellip;]\" \/>\n<meta property=\"og:url\" content=\"https:\/\/creativabarcelona.com\/ca\/consultes\/\" \/>\n<meta property=\"og:site_name\" content=\"Creativa Barcelona\" \/>\n<meta property=\"article:modified_time\" content=\"2023-05-08T13:47:22+00:00\" \/>\n<meta property=\"og:image\" content=\"https:\/\/s.w.org\/images\/core\/emoji\/13.1.0\/svg\/1f60a.svg\" \/>\n<meta name=\"twitter:card\" content=\"summary_large_image\" \/>\n<meta name=\"twitter:label1\" content=\"Temps estimat de lectura\" \/>\n\t<meta name=\"twitter:data1\" content=\"2 minuts\" \/>\n<script type=\"application\/ld+json\" class=\"yoast-schema-graph\">{\"@context\":\"https:\\\/\\\/schema.org\",\"@graph\":[{\"@type\":\"WebPage\",\"@id\":\"https:\\\/\\\/creativabarcelona.com\\\/ca\\\/consultes\\\/\",\"url\":\"https:\\\/\\\/creativabarcelona.com\\\/ca\\\/consultes\\\/\",\"name\":\"Consultes - Creativa Barcelona\",\"isPartOf\":{\"@id\":\"https:\\\/\\\/creativabarcelona.com\\\/#website\"},\"primaryImageOfPage\":{\"@id\":\"https:\\\/\\\/creativabarcelona.com\\\/ca\\\/consultes\\\/#primaryimage\"},\"image\":{\"@id\":\"https:\\\/\\\/creativabarcelona.com\\\/ca\\\/consultes\\\/#primaryimage\"},\"thumbnailUrl\":\"https:\\\/\\\/s.w.org\\\/images\\\/core\\\/emoji\\\/13.1.0\\\/svg\\\/1f60a.svg\",\"datePublished\":\"2022-02-18T18:55:00+00:00\",\"dateModified\":\"2023-05-08T13:47:22+00:00\",\"breadcrumb\":{\"@id\":\"https:\\\/\\\/creativabarcelona.com\\\/ca\\\/consultes\\\/#breadcrumb\"},\"inLanguage\":\"ca\",\"potentialAction\":[{\"@type\":\"ReadAction\",\"target\":[\"https:\\\/\\\/creativabarcelona.com\\\/ca\\\/consultes\\\/\"]}]},{\"@type\":\"ImageObject\",\"inLanguage\":\"ca\",\"@id\":\"https:\\\/\\\/creativabarcelona.com\\\/ca\\\/consultes\\\/#primaryimage\",\"url\":\"https:\\\/\\\/s.w.org\\\/images\\\/core\\\/emoji\\\/13.1.0\\\/svg\\\/1f60a.svg\",\"contentUrl\":\"https:\\\/\\\/s.w.org\\\/images\\\/core\\\/emoji\\\/13.1.0\\\/svg\\\/1f60a.svg\"},{\"@type\":\"BreadcrumbList\",\"@id\":\"https:\\\/\\\/creativabarcelona.com\\\/ca\\\/consultes\\\/#breadcrumb\",\"itemListElement\":[{\"@type\":\"ListItem\",\"position\":1,\"name\":\"Portada\",\"item\":\"https:\\\/\\\/creativabarcelona.com\\\/ca\\\/\"},{\"@type\":\"ListItem\",\"position\":2,\"name\":\"Consultes\"}]},{\"@type\":\"WebSite\",\"@id\":\"https:\\\/\\\/creativabarcelona.com\\\/#website\",\"url\":\"https:\\\/\\\/creativabarcelona.com\\\/\",\"name\":\"Creativa Barcelona\",\"description\":\"Sal\u00f3 de les Manualitats i Artesanies\",\"publisher\":{\"@id\":\"https:\\\/\\\/creativabarcelona.com\\\/#organization\"},\"potentialAction\":[{\"@type\":\"SearchAction\",\"target\":{\"@type\":\"EntryPoint\",\"urlTemplate\":\"https:\\\/\\\/creativabarcelona.com\\\/?s={search_term_string}\"},\"query-input\":{\"@type\":\"PropertyValueSpecification\",\"valueRequired\":true,\"valueName\":\"search_term_string\"}}],\"inLanguage\":\"ca\"},{\"@type\":\"Organization\",\"@id\":\"https:\\\/\\\/creativabarcelona.com\\\/#organization\",\"name\":\"Creativa Barcelona\",\"url\":\"https:\\\/\\\/creativabarcelona.com\\\/\",\"logo\":{\"@type\":\"ImageObject\",\"inLanguage\":\"ca\",\"@id\":\"https:\\\/\\\/creativabarcelona.com\\\/#\\\/schema\\\/logo\\\/image\\\/\",\"url\":\"https:\\\/\\\/creativabarcelona.com\\\/wp-content\\\/uploads\\\/2025\\\/03\\\/logo_creativa_barcelona_Cast-1.png\",\"contentUrl\":\"https:\\\/\\\/creativabarcelona.com\\\/wp-content\\\/uploads\\\/2025\\\/03\\\/logo_creativa_barcelona_Cast-1.png\",\"width\":777,\"height\":417,\"caption\":\"Creativa Barcelona\"},\"image\":{\"@id\":\"https:\\\/\\\/creativabarcelona.com\\\/#\\\/schema\\\/logo\\\/image\\\/\"}}]}<\/script>\n<!-- \/ Yoast SEO plugin. -->","yoast_head_json":{"title":"Consultes - Creativa Barcelona","robots":{"index":"index","follow":"follow","max-snippet":"max-snippet:-1","max-image-preview":"max-image-preview:large","max-video-preview":"max-video-preview:-1"},"canonical":"https:\/\/creativabarcelona.com\/ca\/consultes\/","og_locale":"ca_ES","og_type":"article","og_title":"Consultes - Creativa Barcelona","og_description":"Tu ens preguntes, els nostres experts de tots els sectors et responen. Tots els #creativers tenim el nostre moment de dubtes i de no saber com avan\u00e7ar; com fer el seg\u00fcent nus, com fer un arranjament, quins materials s\u00f3n els millors per a realitzar una manualitat&#8230; Per aix\u00f2, a CREATIVA BARCELONA t\u2019oferim un espai on [&hellip;]","og_url":"https:\/\/creativabarcelona.com\/ca\/consultes\/","og_site_name":"Creativa Barcelona","article_modified_time":"2023-05-08T13:47:22+00:00","og_image":[{"url":"https:\/\/s.w.org\/images\/core\/emoji\/13.1.0\/svg\/1f60a.svg","type":"","width":"","height":""}],"twitter_card":"summary_large_image","twitter_misc":{"Temps estimat de lectura":"2 minuts"},"schema":{"@context":"https:\/\/schema.org","@graph":[{"@type":"WebPage","@id":"https:\/\/creativabarcelona.com\/ca\/consultes\/","url":"https:\/\/creativabarcelona.com\/ca\/consultes\/","name":"Consultes - Creativa Barcelona","isPartOf":{"@id":"https:\/\/creativabarcelona.com\/#website"},"primaryImageOfPage":{"@id":"https:\/\/creativabarcelona.com\/ca\/consultes\/#primaryimage"},"image":{"@id":"https:\/\/creativabarcelona.com\/ca\/consultes\/#primaryimage"},"thumbnailUrl":"https:\/\/s.w.org\/images\/core\/emoji\/13.1.0\/svg\/1f60a.svg","datePublished":"2022-02-18T18:55:00+00:00","dateModified":"2023-05-08T13:47:22+00:00","breadcrumb":{"@id":"https:\/\/creativabarcelona.com\/ca\/consultes\/#breadcrumb"},"inLanguage":"ca","potentialAction":[{"@type":"ReadAction","target":["https:\/\/creativabarcelona.com\/ca\/consultes\/"]}]},{"@type":"ImageObject","inLanguage":"ca","@id":"https:\/\/creativabarcelona.com\/ca\/consultes\/#primaryimage","url":"https:\/\/s.w.org\/images\/core\/emoji\/13.1.0\/svg\/1f60a.svg","contentUrl":"https:\/\/s.w.org\/images\/core\/emoji\/13.1.0\/svg\/1f60a.svg"},{"@type":"BreadcrumbList","@id":"https:\/\/creativabarcelona.com\/ca\/consultes\/#breadcrumb","itemListElement":[{"@type":"ListItem","position":1,"name":"Portada","item":"https:\/\/creativabarcelona.com\/ca\/"},{"@type":"ListItem","position":2,"name":"Consultes"}]},{"@type":"WebSite","@id":"https:\/\/creativabarcelona.com\/#website","url":"https:\/\/creativabarcelona.com\/","name":"Creativa Barcelona","description":"Sal\u00f3 de les Manualitats i Artesanies","publisher":{"@id":"https:\/\/creativabarcelona.com\/#organization"},"potentialAction":[{"@type":"SearchAction","target":{"@type":"EntryPoint","urlTemplate":"https:\/\/creativabarcelona.com\/?s={search_term_string}"},"query-input":{"@type":"PropertyValueSpecification","valueRequired":true,"valueName":"search_term_string"}}],"inLanguage":"ca"},{"@type":"Organization","@id":"https:\/\/creativabarcelona.com\/#organization","name":"Creativa Barcelona","url":"https:\/\/creativabarcelona.com\/","logo":{"@type":"ImageObject","inLanguage":"ca","@id":"https:\/\/creativabarcelona.com\/#\/schema\/logo\/image\/","url":"https:\/\/creativabarcelona.com\/wp-content\/uploads\/2025\/03\/logo_creativa_barcelona_Cast-1.png","contentUrl":"https:\/\/creativabarcelona.com\/wp-content\/uploads\/2025\/03\/logo_creativa_barcelona_Cast-1.png","width":777,"height":417,"caption":"Creativa Barcelona"},"image":{"@id":"https:\/\/creativabarcelona.com\/#\/schema\/logo\/image\/"}}]}},"_links":{"self":[{"href":"https:\/\/creativabarcelona.com\/ca\/wp-json\/wp\/v2\/pages\/1457","targetHints":{"allow":["GET"]}}],"collection":[{"href":"https:\/\/creativabarcelona.com\/ca\/wp-json\/wp\/v2\/pages"}],"about":[{"href":"https:\/\/creativabarcelona.com\/ca\/wp-json\/wp\/v2\/types\/page"}],"author":[{"embeddable":true,"href":"https:\/\/creativabarcelona.com\/ca\/wp-json\/wp\/v2\/users\/1"}],"replies":[{"embeddable":true,"href":"https:\/\/creativabarcelona.com\/ca\/wp-json\/wp\/v2\/comments?post=1457"}],"version-history":[{"count":5,"href":"https:\/\/creativabarcelona.com\/ca\/wp-json\/wp\/v2\/pages\/1457\/revisions"}],"predecessor-version":[{"id":8688,"href":"https:\/\/creativabarcelona.com\/ca\/wp-json\/wp\/v2\/pages\/1457\/revisions\/8688"}],"wp:attachment":[{"href":"https:\/\/creativabarcelona.com\/ca\/wp-json\/wp\/v2\/media?parent=1457"}],"curies":[{"name":"wp","href":"https:\/\/api.w.org\/{rel}","templated":true}]}}