{"id":1627,"date":"2022-02-23T17:21:39","date_gmt":"2022-02-23T16:21:39","guid":{"rendered":"https:\/\/creativabarcelona.com\/politica-de-cookies\/"},"modified":"2022-02-23T17:21:39","modified_gmt":"2022-02-23T16:21:39","slug":"politica-de-cookies","status":"publish","type":"page","link":"https:\/\/creativabarcelona.com\/ca\/politica-de-cookies\/","title":{"rendered":"Pol\u00edtica de cookies"},"content":{"rendered":"<p>Una cookie es un fichero que se descarga en el ordenador\/smartphone\/tablet del usuario al acceder a determinadas p\u00e1ginas web para almacenar y recuperar informaci\u00f3n sobre la navegaci\u00f3n que se efect\u00faa desde dicho equipo, pero no nos proporcionan informaci\u00f3n ni sobre su nombre, ni sobre cualquier otro dato de car\u00e1cter personal suyo, constando \u00fanicamente a efectos de funcionamiento, seguridad y estad\u00edstica. Las cookies que utilizamos no pueden leer datos de su ordenador ni leer datos de otras cookies. Puede configurar su navegador para que le avise en pantalla que va a recibir una cookie. Si el usuario decide no aceptar cookies, esto no impedir\u00e1 que pueda acceder a la informaci\u00f3n de httpS:\/\/www.creativabarcelona.com<\/p>\n<p>\u201cCREATIVA BARCELONA\u201d utiliza cookies propias para gestionar los diferentes servicios que ofrece al usuario, y en funci\u00f3n de su finalidad podemos distinguir entre:<\/p>\n<p><strong>Cookies de sesi\u00f3n:<\/strong><br \/>\nSon un tipo de cookies dise\u00f1adas para recabar y almacenar datos cuando el usuario inicia sesi\u00f3n en el \u00e1rea privada de www.creativabarcelona.com. Esta cookie caduca al finalizar la sesi\u00f3n, borr\u00e1ndose de su ordenador.<\/p>\n<p><strong>Cookies persistentes:<\/strong><br \/>\nSon un tipo de cookies en el que los datos siguen almacenados en el terminal y pueden ser accedidos y tratados durante un periodo definido por el responsable de la cookie, y que puede ir de unos minutos a varios a\u00f1os.<\/p>\n<p><strong>Cookies t\u00e9cnicas:<\/strong><br \/>\nSon aqu\u00e9llas que permiten al usuario la navegaci\u00f3n a trav\u00e9s de una p\u00e1gina web, plataforma o aplicaci\u00f3n y la utilizaci\u00f3n de las diferentes opciones o servicios que en ella existan como, por ejemplo, controlar el tr\u00e1fico y la comunicaci\u00f3n de datos, identificar la sesi\u00f3n, acceder a partes de acceso restringido, recordar los elementos que integran un pedido, realizar el proceso de compra de un pedido, realizar la solicitud de inscripci\u00f3n o participaci\u00f3n en un evento, utilizar elementos de seguridad durante la navegaci\u00f3n, almacenar contenidos para la difusi\u00f3n de v\u00eddeos o sonido o compartir contenidos a trav\u00e9s de redes sociales.<\/p>\n<p><strong>Cookies de personalizaci\u00f3n:<\/strong><br \/>\nSon aqu\u00e9llas que permiten al usuario acceder al servicio con algunas caracter\u00edsticas de car\u00e1cter general predefinidas en funci\u00f3n de una serie de criterios en el terminal del usuario como por ejemplo serian el idioma, el tipo de navegador a trav\u00e9s del cual accede al servicio, la configuraci\u00f3n regional desde donde accede al servicio, etc.<\/p>\n<p><strong>Cookies de an\u00e1lisis:<\/strong><br \/>\nSon aqu\u00e9llas que permiten al responsable de las mismas, el seguimiento y an\u00e1lisis del comportamiento de los usuarios de los sitios web a los que est\u00e1n vinculadas. La informaci\u00f3n recogida mediante este tipo de cookies se utiliza en la medici\u00f3n de la actividad de los sitios web, aplicaci\u00f3n o plataforma y para la elaboraci\u00f3n de perfiles de navegaci\u00f3n de los usuarios de dichos sitios, aplicaciones y plataformas, con el fin de introducir mejoras en funci\u00f3n del an\u00e1lisis de los datos de uso que hacen los usuarios del servicio.<\/p>\n<p>Seg\u00fan el Grupo de Trabajo del Art\u00edculo 29, en su Dictamen 4\/2012, ha interpretado que entre las cookies exceptuadas del cumplimiento de las obligaciones establecidas en el art\u00edculo 22.2 de la LSSI, est\u00e1n las utilizadas para permitir \u00fanicamente la comunicaci\u00f3n entre el equipo del usuario y la red, y aquellas utilizadas estrictamente para prestar un servicio expresamente solicitado por el usuario, estando aquellas que tienen por finalidad:<\/p>\n<ul>\n<li>Cookies de \u00abentrada del usuario\u00bb<\/li>\n<li>Cookies de autenticaci\u00f3n o identificaci\u00f3n de usuario (\u00fanicamente de sesi\u00f3n)<\/li>\n<li>Cookies de seguridad del usuario (Por ejemplo para detectar intentos err\u00f3neos y reiterados de conexi\u00f3n a un sitio web)<\/li>\n<li>Cookies de sesi\u00f3n de reproductor multimedia<\/li>\n<li>Cookies de sesi\u00f3n para equilibrar la carga<\/li>\n<li>Cookies de personalizaci\u00f3n de la interfaz de usuario<\/li>\n<li>Cookies de complemento (plug-in) para intercambiar contenidos sociales<\/li>\n<\/ul>\n<p>Las cookies de sesi\u00f3n y de entrada de usuario se suelen utilizar para rastrear las acciones del usuario al rellenar los formularios en l\u00ednea en varias p\u00e1ginas, o como cesta de la compra para hacer el seguimiento de los art\u00edculos que el usuario ha seleccionado al pulsar un bot\u00f3n.<br \/>\nSi se desactiva la aceptaci\u00f3n de las cookies estrictamente necesarias para la prestaci\u00f3n de determinados servicios solicitados expresamente por el usuario, no podr\u00e1 consultar y\/o recibir correctamente los contenidos y servicios de http:\/\/www.creativabarcelona.com.<\/p>\n<p>A continuaci\u00f3n se relacionan las cookies utilizadas en httpS:\/\/www.creativabarcelona.com:<\/p>\n<p><strong>Cookies de terceros<\/strong><br \/>\n<strong>Nombre Prop\u00f3sito Duraci\u00f3n Gesti\u00f3n<\/strong><\/p>\n<ul>\n<li><strong>__ga<\/strong><br \/>\nAlmacena un identificador de cliente \u00fanico y sirve para el control de las visitas \u00fanicas, datos de usuarios, campa\u00f1as.. 2 a\u00f1os Google Analytics<\/li>\n<li><strong>__gid<\/strong><br \/>\nSe usa para distinguir a los usuarios. 24 horas Google Analytics<\/li>\n<li><strong>__gat <\/strong><br \/>\nSe usa para diferenciar entre los diferentes objetos de seguimiento creados en la sesi\u00f3n 1 minuto Google Analytics<\/li>\n<\/ul>\n<p>Permiten realizar el seguimiento del sitio web mediante la herramienta Google Analytics, que es un servicio proporcionado por Google para obtener informaci\u00f3n de los accesos de los usuarios a los sitios web. Algunos de los datos guardados para an\u00e1lisis posteriores son: n\u00famero de veces que un usuario visita la web, fechas de la primera y \u00faltima visita del usuario, duraci\u00f3n de las visitas, desde qu\u00e9 p\u00e1gina accedi\u00f3 el usuario a la web, qu\u00e9 motor de b\u00fasqueda utiliz\u00f3 el usuario para llegar a la web o qu\u00e9 enlace hizo click, desde qu\u00e9 lugar del mundo accedi\u00f3 el usuario, etc. La configuraci\u00f3n de estas cookies est\u00e1 predeterminada por el servicio ofrecido por Google, por lo que le sugerimos que consulte la p\u00e1gina de privacidad de <strong><a href=\"https:\/\/developers.google.com\/analytics\/devguides\/collection\/analyticsjs\/cookie-usage\" target=\"_blank\" rel=\"noopener\">Google Analytics<\/a><\/strong>, para obtener m\u00e1s informaci\u00f3n de las cookies que utiliza y de c\u00f3mo inhabilitarlas.<\/p>\n<p>Algunas partes de la Web se pueden conectar con diversas redes sociales como por ejemplo Facebook, Twitter, Google+, Linkedin, etc., por lo que deber\u00e1 consultar la pol\u00edtica de cookies que \u00e9stas ofrezcan en cada caso antes de utilizar sus servicios.<\/p>\n<p>Puede permitir, bloquear o eliminar las cookies instaladas en su equipo mediante la configuraci\u00f3n de las opciones de su navegador de Internet. A continuaci\u00f3n, le indicamos los links de los principales navegadores d\u00f3nde explican c\u00f3mo:<\/p>\n<ul>\n<li><strong>Internet Explorer<\/strong><br \/>\nhttp:\/\/windows.microsoft.com\/es-es\/internet-explorer\/delete-manage-cookies<\/li>\n<li><strong>Google Chrome<\/strong><br \/>\nhttps:\/\/support.google.com\/chrome\/answer\/95647?hl=es<\/li>\n<li><strong>Google Chrome para Android<\/strong><br \/>\nhttps:\/\/support.google.com\/chrome\/answer\/2392971?hl=es<\/li>\n<li><strong>Mozilla Firefox<\/strong><br \/>\nhttps:\/\/support.mozilla.org\/es\/kb\/habilitar-y-deshabilitar-cookies-sitios-web-rastrear-preferencias<\/li>\n<li><strong>Safari<\/strong><br \/>\nhttp:\/\/support.apple.com\/kb\/ph5042&gt;<\/li>\n<li><strong>Safari para IOS (iPhone \u2013 iPad)<\/strong><br \/>\nhttp:\/\/support.apple.com\/kb\/ht1677?viewlocale=es_es&amp;locale=es_es<\/li>\n<\/ul>\n<p>Estos navegadores est\u00e1n sometidos a constantes actualizaciones y modificaciones, por lo que no podemos garantizar que se ajusten completamente a la versi\u00f3n de su navegador actual. Tambi\u00e9n es posible que utilice otro navegador no contemplado en estos enlaces, por lo que deber\u00e1 consultar la ayuda de su navegador para configurar el uso de cookies.<\/p>\n<p>Si quisiese retirar su consentimiento en cualquier momento relacionado con la presente Pol\u00edtica de Cookies, deber\u00e1 eliminar las cookies almacenadas a trav\u00e9s de los ajustes y configuraciones de su navegador de Internet.<\/p>\n<p>La presente Pol\u00edtica de Cookies tiene por finalidad informarle de manera clara y precisa sobre las cookies que se utilizan en htts:\/\/www.creativabarcelona.com.<\/p>\n<p>En caso de que quiera m\u00e1s informaci\u00f3n sobre el uso de las cookies podr\u00e1 solicitarlo por correo electr\u00f3nico a info@creativabarcelona.com<\/p>\n<p><strong>\u201cPROFEI, S.L.\u201d<\/strong><br \/>\n<strong>Todos los derechos reservados<\/strong><\/p>\n","protected":false},"excerpt":{"rendered":"<p>Una cookie es un fichero que se descarga en el ordenador\/smartphone\/tablet del usuario al acceder a determinadas p\u00e1ginas web para almacenar y recuperar informaci\u00f3n sobre la navegaci\u00f3n que se efect\u00faa desde dicho equipo, pero no nos proporcionan informaci\u00f3n ni sobre su nombre, ni sobre cualquier otro dato de car\u00e1cter personal suyo, constando \u00fanicamente a efectos [&hellip;]<\/p>\n","protected":false},"author":1,"featured_media":0,"parent":0,"menu_order":0,"comment_status":"closed","ping_status":"closed","template":"","meta":{"footnotes":""},"class_list":["post-1627","page","type-page","status-publish","hentry"],"yoast_head":"<!-- This site is optimized with the Yoast SEO plugin v27.3 - https:\/\/yoast.com\/product\/yoast-seo-wordpress\/ -->\n<title>Pol\u00edtica de cookies - Creativa Barcelona<\/title>\n<meta name=\"robots\" content=\"index, follow, max-snippet:-1, max-image-preview:large, max-video-preview:-1\" \/>\n<link rel=\"canonical\" href=\"https:\/\/creativabarcelona.com\/ca\/politica-de-cookies\/\" \/>\n<meta property=\"og:locale\" content=\"ca_ES\" \/>\n<meta property=\"og:type\" content=\"article\" \/>\n<meta property=\"og:title\" content=\"Pol\u00edtica de cookies - Creativa Barcelona\" \/>\n<meta property=\"og:description\" content=\"Una cookie es un fichero que se descarga en el ordenador\/smartphone\/tablet del usuario al acceder a determinadas p\u00e1ginas web para almacenar y recuperar informaci\u00f3n sobre la navegaci\u00f3n que se efect\u00faa desde dicho equipo, pero no nos proporcionan informaci\u00f3n ni sobre su nombre, ni sobre cualquier otro dato de car\u00e1cter personal suyo, constando \u00fanicamente a efectos [&hellip;]\" \/>\n<meta property=\"og:url\" content=\"https:\/\/creativabarcelona.com\/ca\/politica-de-cookies\/\" \/>\n<meta property=\"og:site_name\" content=\"Creativa Barcelona\" \/>\n<meta name=\"twitter:card\" content=\"summary_large_image\" \/>\n<meta name=\"twitter:label1\" content=\"Temps estimat de lectura\" \/>\n\t<meta name=\"twitter:data1\" content=\"6 minuts\" \/>\n<script type=\"application\/ld+json\" class=\"yoast-schema-graph\">{\"@context\":\"https:\\\/\\\/schema.org\",\"@graph\":[{\"@type\":\"WebPage\",\"@id\":\"https:\\\/\\\/creativabarcelona.com\\\/ca\\\/politica-de-cookies\\\/\",\"url\":\"https:\\\/\\\/creativabarcelona.com\\\/ca\\\/politica-de-cookies\\\/\",\"name\":\"Pol\u00edtica de cookies - Creativa Barcelona\",\"isPartOf\":{\"@id\":\"https:\\\/\\\/creativabarcelona.com\\\/#website\"},\"datePublished\":\"2022-02-23T16:21:39+00:00\",\"breadcrumb\":{\"@id\":\"https:\\\/\\\/creativabarcelona.com\\\/ca\\\/politica-de-cookies\\\/#breadcrumb\"},\"inLanguage\":\"ca\",\"potentialAction\":[{\"@type\":\"ReadAction\",\"target\":[\"https:\\\/\\\/creativabarcelona.com\\\/ca\\\/politica-de-cookies\\\/\"]}]},{\"@type\":\"BreadcrumbList\",\"@id\":\"https:\\\/\\\/creativabarcelona.com\\\/ca\\\/politica-de-cookies\\\/#breadcrumb\",\"itemListElement\":[{\"@type\":\"ListItem\",\"position\":1,\"name\":\"Portada\",\"item\":\"https:\\\/\\\/creativabarcelona.com\\\/ca\\\/\"},{\"@type\":\"ListItem\",\"position\":2,\"name\":\"Pol\u00edtica de cookies\"}]},{\"@type\":\"WebSite\",\"@id\":\"https:\\\/\\\/creativabarcelona.com\\\/#website\",\"url\":\"https:\\\/\\\/creativabarcelona.com\\\/\",\"name\":\"Creativa Barcelona\",\"description\":\"Sal\u00f3 de les Manualitats i Artesanies\",\"publisher\":{\"@id\":\"https:\\\/\\\/creativabarcelona.com\\\/#organization\"},\"potentialAction\":[{\"@type\":\"SearchAction\",\"target\":{\"@type\":\"EntryPoint\",\"urlTemplate\":\"https:\\\/\\\/creativabarcelona.com\\\/?s={search_term_string}\"},\"query-input\":{\"@type\":\"PropertyValueSpecification\",\"valueRequired\":true,\"valueName\":\"search_term_string\"}}],\"inLanguage\":\"ca\"},{\"@type\":\"Organization\",\"@id\":\"https:\\\/\\\/creativabarcelona.com\\\/#organization\",\"name\":\"Creativa Barcelona\",\"url\":\"https:\\\/\\\/creativabarcelona.com\\\/\",\"logo\":{\"@type\":\"ImageObject\",\"inLanguage\":\"ca\",\"@id\":\"https:\\\/\\\/creativabarcelona.com\\\/#\\\/schema\\\/logo\\\/image\\\/\",\"url\":\"https:\\\/\\\/creativabarcelona.com\\\/wp-content\\\/uploads\\\/2025\\\/03\\\/logo_creativa_barcelona_Cast-1.png\",\"contentUrl\":\"https:\\\/\\\/creativabarcelona.com\\\/wp-content\\\/uploads\\\/2025\\\/03\\\/logo_creativa_barcelona_Cast-1.png\",\"width\":777,\"height\":417,\"caption\":\"Creativa Barcelona\"},\"image\":{\"@id\":\"https:\\\/\\\/creativabarcelona.com\\\/#\\\/schema\\\/logo\\\/image\\\/\"}}]}<\/script>\n<!-- \/ Yoast SEO plugin. -->","yoast_head_json":{"title":"Pol\u00edtica de cookies - Creativa Barcelona","robots":{"index":"index","follow":"follow","max-snippet":"max-snippet:-1","max-image-preview":"max-image-preview:large","max-video-preview":"max-video-preview:-1"},"canonical":"https:\/\/creativabarcelona.com\/ca\/politica-de-cookies\/","og_locale":"ca_ES","og_type":"article","og_title":"Pol\u00edtica de cookies - Creativa Barcelona","og_description":"Una cookie es un fichero que se descarga en el ordenador\/smartphone\/tablet del usuario al acceder a determinadas p\u00e1ginas web para almacenar y recuperar informaci\u00f3n sobre la navegaci\u00f3n que se efect\u00faa desde dicho equipo, pero no nos proporcionan informaci\u00f3n ni sobre su nombre, ni sobre cualquier otro dato de car\u00e1cter personal suyo, constando \u00fanicamente a efectos [&hellip;]","og_url":"https:\/\/creativabarcelona.com\/ca\/politica-de-cookies\/","og_site_name":"Creativa Barcelona","twitter_card":"summary_large_image","twitter_misc":{"Temps estimat de lectura":"6 minuts"},"schema":{"@context":"https:\/\/schema.org","@graph":[{"@type":"WebPage","@id":"https:\/\/creativabarcelona.com\/ca\/politica-de-cookies\/","url":"https:\/\/creativabarcelona.com\/ca\/politica-de-cookies\/","name":"Pol\u00edtica de cookies - Creativa Barcelona","isPartOf":{"@id":"https:\/\/creativabarcelona.com\/#website"},"datePublished":"2022-02-23T16:21:39+00:00","breadcrumb":{"@id":"https:\/\/creativabarcelona.com\/ca\/politica-de-cookies\/#breadcrumb"},"inLanguage":"ca","potentialAction":[{"@type":"ReadAction","target":["https:\/\/creativabarcelona.com\/ca\/politica-de-cookies\/"]}]},{"@type":"BreadcrumbList","@id":"https:\/\/creativabarcelona.com\/ca\/politica-de-cookies\/#breadcrumb","itemListElement":[{"@type":"ListItem","position":1,"name":"Portada","item":"https:\/\/creativabarcelona.com\/ca\/"},{"@type":"ListItem","position":2,"name":"Pol\u00edtica de cookies"}]},{"@type":"WebSite","@id":"https:\/\/creativabarcelona.com\/#website","url":"https:\/\/creativabarcelona.com\/","name":"Creativa Barcelona","description":"Sal\u00f3 de les Manualitats i Artesanies","publisher":{"@id":"https:\/\/creativabarcelona.com\/#organization"},"potentialAction":[{"@type":"SearchAction","target":{"@type":"EntryPoint","urlTemplate":"https:\/\/creativabarcelona.com\/?s={search_term_string}"},"query-input":{"@type":"PropertyValueSpecification","valueRequired":true,"valueName":"search_term_string"}}],"inLanguage":"ca"},{"@type":"Organization","@id":"https:\/\/creativabarcelona.com\/#organization","name":"Creativa Barcelona","url":"https:\/\/creativabarcelona.com\/","logo":{"@type":"ImageObject","inLanguage":"ca","@id":"https:\/\/creativabarcelona.com\/#\/schema\/logo\/image\/","url":"https:\/\/creativabarcelona.com\/wp-content\/uploads\/2025\/03\/logo_creativa_barcelona_Cast-1.png","contentUrl":"https:\/\/creativabarcelona.com\/wp-content\/uploads\/2025\/03\/logo_creativa_barcelona_Cast-1.png","width":777,"height":417,"caption":"Creativa Barcelona"},"image":{"@id":"https:\/\/creativabarcelona.com\/#\/schema\/logo\/image\/"}}]}},"_links":{"self":[{"href":"https:\/\/creativabarcelona.com\/ca\/wp-json\/wp\/v2\/pages\/1627","targetHints":{"allow":["GET"]}}],"collection":[{"href":"https:\/\/creativabarcelona.com\/ca\/wp-json\/wp\/v2\/pages"}],"about":[{"href":"https:\/\/creativabarcelona.com\/ca\/wp-json\/wp\/v2\/types\/page"}],"author":[{"embeddable":true,"href":"https:\/\/creativabarcelona.com\/ca\/wp-json\/wp\/v2\/users\/1"}],"replies":[{"embeddable":true,"href":"https:\/\/creativabarcelona.com\/ca\/wp-json\/wp\/v2\/comments?post=1627"}],"version-history":[{"count":0,"href":"https:\/\/creativabarcelona.com\/ca\/wp-json\/wp\/v2\/pages\/1627\/revisions"}],"wp:attachment":[{"href":"https:\/\/creativabarcelona.com\/ca\/wp-json\/wp\/v2\/media?parent=1627"}],"curies":[{"name":"wp","href":"https:\/\/api.w.org\/{rel}","templated":true}]}}